{"id":562,"date":"2018-09-03T11:38:16","date_gmt":"2018-09-03T09:38:16","guid":{"rendered":"http:\/\/gudrun-schaefer.de\/en\/?page_id=562"},"modified":"2018-09-03T12:21:28","modified_gmt":"2018-09-03T10:21:28","slug":"ausstellung-das-tier","status":"publish","type":"page","link":"http:\/\/gudrun-schaefer.de\/en\/ausstellung-das-tier\/","title":{"rendered":"Exhibition The Animal"},"content":{"rendered":"<table border=\"0\">\n<tbody>\n<tr>\n<td style=\"width: 200px;\"><a href=\"http:\/\/gudrun-schaefer.de\/en\/wp-content\/uploads\/sites\/2\/2018\/08\/GCK_Logo_Salon2.jpg\" data-lightbox=\"single-image\" title=\"\"><img loading=\"lazy\" decoding=\"async\" class=\"alignnone size-full wp-image-552\" alt=\"GCK_Logo_Salon2\" src=\"http:\/\/gudrun-schaefer.de\/en\/wp-content\/uploads\/sites\/2\/2018\/08\/GCK_Logo_Salon2.jpg\" width=\"240\" height=\"145\" srcset=\"http:\/\/gudrun-schaefer.de\/en\/wp-content\/uploads\/sites\/2\/2018\/08\/GCK_Logo_Salon2.jpg 240w, http:\/\/gudrun-schaefer.de\/en\/wp-content\/uploads\/sites\/2\/2018\/08\/GCK_Logo_Salon2-124x75.jpg 124w\" sizes=\"(max-width: 240px) 100vw, 240px\" \/><\/a><\/td>\n<td style=\"width: 27px;\">\u00a0<\/td>\n<td valign=\"top\">\n<p><strong><span class=\"blau-12px\">The Animal<\/span><\/strong><br \/> Opening: Thu., 13 Sept 2018<br \/>15 Sept \u2013 06 Dec 2018<br \/>Group exhibition<br \/>Curator: Christine Knauber<\/p>\n<p>Galerie Christine Knauber<br \/>Langenscheidtstra\u00dfe 6, 10827 Berlin<br \/> <a href=\"http:\/\/www.galerie-knauber.de \" target=\"_blank\">www.galerie-knauber.de<\/a><\/p>\n<\/td>\n<\/tr>\n<tr>\n<td style=\"height: 16px;\">\u00a0<\/td>\n<td style=\"height: 16px;\">\u00a0<\/td>\n<td style=\"height: 16px;\">\u00a0<\/td>\n<\/tr>\n<\/tbody>\n<\/table>\n<p>artwork by Carlo Cafferini (photography), Tobias Deicke (litho), Jill Tegan Doherty (painting), Ola Eibl (painting), Marwa El-Issa\/Atelier Blumenfisch (etching), Uwe Hand (mixed media), Kristin Kolb (sculpture), Isolde Krams (sculpture), Christoph L\u00f6ffler (drawing), Anna-Kathrin L\u00fcbben (object), Frank Machalowski (photography), Gudrun Sch\u00e4fer (drawing), Hans Scheib (sculpture and etching), Marcel Teske (drawing), Miguel Vallinas Prieto (photography), Carl Constantin Weber (sculpture)<\/p>\n<p><a title=\"Vita\" href=\"http:\/\/gudrun-schaefer.de\/en\/vita\/\"> \u00ab back<\/a><\/p>\n<p>&nbsp;<\/p>\n<p>&nbsp;<\/p>\n","protected":false},"excerpt":{"rendered":"<p>\u00a0 The Animal Opening: Thu., 13 Sept 201815 Sept \u2013 06 Dec 2018Group exhibitionCurator: Christine Knauber Galerie Christine KnauberLangenscheidtstra\u00dfe 6, 10827 Berlin www.galerie-knauber.de \u00a0 \u00a0 \u00a0 artwork by Carlo Cafferini (photography), Tobias Deicke (litho), Jill Tegan Doherty (painting), Ola Eibl (painting), Marwa El-Issa\/Atelier Blumenfisch (etching), Uwe Hand (mixed media), Kristin Kolb (sculpture), Isolde Krams (sculpture), [&hellip;]<\/p>\n","protected":false},"author":3,"featured_media":0,"parent":0,"menu_order":0,"comment_status":"open","ping_status":"open","template":"","meta":{"footnotes":""},"_links":{"self":[{"href":"http:\/\/gudrun-schaefer.de\/en\/wp-json\/wp\/v2\/pages\/562"}],"collection":[{"href":"http:\/\/gudrun-schaefer.de\/en\/wp-json\/wp\/v2\/pages"}],"about":[{"href":"http:\/\/gudrun-schaefer.de\/en\/wp-json\/wp\/v2\/types\/page"}],"author":[{"embeddable":true,"href":"http:\/\/gudrun-schaefer.de\/en\/wp-json\/wp\/v2\/users\/3"}],"replies":[{"embeddable":true,"href":"http:\/\/gudrun-schaefer.de\/en\/wp-json\/wp\/v2\/comments?post=562"}],"version-history":[{"count":12,"href":"http:\/\/gudrun-schaefer.de\/en\/wp-json\/wp\/v2\/pages\/562\/revisions"}],"predecessor-version":[{"id":564,"href":"http:\/\/gudrun-schaefer.de\/en\/wp-json\/wp\/v2\/pages\/562\/revisions\/564"}],"wp:attachment":[{"href":"http:\/\/gudrun-schaefer.de\/en\/wp-json\/wp\/v2\/media?parent=562"}],"curies":[{"name":"wp","href":"https:\/\/api.w.org\/{rel}","templated":true}]}}